{"id":133,"date":"2016-01-28T12:41:14","date_gmt":"2016-01-28T12:41:14","guid":{"rendered":"http:\/\/demo.themegrill.com\/estore\/?page_id=133"},"modified":"2020-05-01T10:31:13","modified_gmt":"2020-05-01T08:31:13","slug":"quienes-somos","status":"publish","type":"page","link":"https:\/\/www.chopolin.es\/tienda\/quienes-somos\/","title":{"rendered":"Chopolin &#8211; G\u00e9neros de punto"},"content":{"rendered":"<p>Chopolin es una empresa con m\u00e1s de 20 a\u00f1os en el mundo de la confecci\u00f3n textil, es por esto que conocemos muy bien los productos, las marcas y sabemos lo que nuestros clientes necesitan.<\/p>\n<p>Desarrollamos esta tienda online para ahorrarte tiempo y dinero.<\/p>\n<p>Ante cualquier duda\u00a0 envianos un mail a <a href=\"mailto:info@chopolin.es\">info@chopolin.es<\/a>. Seguirnos tambi\u00e9n en <a href=\"http:\/\/www.facebook.com\/lenceriamoda.com.ar\" target=\"_blank\" rel=\"noopener noreferrer\">Facebook<\/a> y en <a href=\"http:\/\/instagram.com\/lenceriamoda\" target=\"_blank\" rel=\"noopener noreferrer\">Instagram<\/a><\/p>\n\n\n<p><\/p>\n","protected":false},"excerpt":{"rendered":"<p>Chopolin es una empresa con m\u00e1s de 20 a\u00f1os en el mundo de la confecci\u00f3n textil, es por esto que conocemos muy bien los productos, las marcas y sabemos lo que nuestros clientes necesitan. Desarrollamos esta tienda online para ahorrarte tiempo y dinero. Ante cualquier duda\u00a0 envianos un mail a info@chopolin.es. Seguirnos tambi\u00e9n en Facebook [&hellip;]<\/p>\n","protected":false},"author":1,"featured_media":230,"parent":0,"menu_order":0,"comment_status":"closed","ping_status":"closed","template":"","meta":[],"yoast_head":"<!-- This site is optimized with the Yoast SEO plugin v14.9 - https:\/\/yoast.com\/wordpress\/plugins\/seo\/ -->\n<title>Chopolin - Moda y Lenceria. Complementos. Deportivo\/Colegial<\/title>\n<meta name=\"description\" content=\"Tienda de ropa y complementos con las \u00faltimas tendencias para la mujer. Moda espa\u00f1ola. Compra online en ropa deportiva y uniformes colegiales.\" \/>\n<meta name=\"robots\" content=\"index, follow, max-snippet:-1, max-image-preview:large, max-video-preview:-1\" \/>\n<link rel=\"canonical\" href=\"https:\/\/www.chopolin.es\/tienda\/quienes-somos\/\" \/>\n<meta property=\"og:locale\" content=\"es_ES\" \/>\n<meta property=\"og:type\" content=\"article\" \/>\n<meta property=\"og:title\" content=\"Chopolin - Moda y Lenceria. Complementos. Deportivo\/Colegial\" \/>\n<meta property=\"og:description\" content=\"Tienda de ropa y complementos con las \u00faltimas tendencias para la mujer. Moda espa\u00f1ola. Compra online en ropa deportiva y uniformes colegiales.\" \/>\n<meta property=\"og:url\" content=\"https:\/\/www.chopolin.es\/tienda\/quienes-somos\/\" \/>\n<meta property=\"article:modified_time\" content=\"2020-05-01T08:31:13+00:00\" \/>\n<meta property=\"og:image\" content=\"https:\/\/www.chopolin.es\/tienda\/wp-content\/uploads\/2016\/02\/about.jpg\" \/>\n\t<meta property=\"og:image:width\" content=\"1600\" \/>\n\t<meta property=\"og:image:height\" content=\"310\" \/>\n<meta name=\"twitter:card\" content=\"summary_large_image\" \/>\n<script type=\"application\/ld+json\" class=\"yoast-schema-graph\">{\"@context\":\"https:\/\/schema.org\",\"@graph\":[{\"@type\":\"Organization\",\"@id\":\"https:\/\/www.chopolin.es\/tienda\/#organization\",\"name\":\"CHOPOLIN S.L.\",\"url\":\"https:\/\/www.chopolin.es\/tienda\/\",\"sameAs\":[],\"logo\":{\"@type\":\"ImageObject\",\"@id\":\"https:\/\/www.chopolin.es\/tienda\/#logo\",\"inLanguage\":\"es\",\"url\":\"https:\/\/www.chopolin.es\/tienda\/wp-content\/uploads\/2020\/04\/logo2.jpg\",\"width\":501,\"height\":523,\"caption\":\"CHOPOLIN S.L.\"},\"image\":{\"@id\":\"https:\/\/www.chopolin.es\/tienda\/#logo\"}},{\"@type\":\"WebSite\",\"@id\":\"https:\/\/www.chopolin.es\/tienda\/#website\",\"url\":\"https:\/\/www.chopolin.es\/tienda\/\",\"name\":\"\",\"description\":\"Moda&amp;Lencer&iacute;a. Complementos. Deportivo\/Colegial\",\"publisher\":{\"@id\":\"https:\/\/www.chopolin.es\/tienda\/#organization\"},\"potentialAction\":[{\"@type\":\"SearchAction\",\"target\":\"https:\/\/www.chopolin.es\/tienda\/?s={search_term_string}\",\"query-input\":\"required name=search_term_string\"}],\"inLanguage\":\"es\"},{\"@type\":\"ImageObject\",\"@id\":\"https:\/\/www.chopolin.es\/tienda\/quienes-somos\/#primaryimage\",\"inLanguage\":\"es\",\"url\":\"https:\/\/www.chopolin.es\/tienda\/wp-content\/uploads\/2016\/02\/about.jpg\",\"width\":1600,\"height\":310},{\"@type\":\"WebPage\",\"@id\":\"https:\/\/www.chopolin.es\/tienda\/quienes-somos\/#webpage\",\"url\":\"https:\/\/www.chopolin.es\/tienda\/quienes-somos\/\",\"name\":\"Chopolin - Moda y Lenceria. Complementos. Deportivo\/Colegial\",\"isPartOf\":{\"@id\":\"https:\/\/www.chopolin.es\/tienda\/#website\"},\"primaryImageOfPage\":{\"@id\":\"https:\/\/www.chopolin.es\/tienda\/quienes-somos\/#primaryimage\"},\"datePublished\":\"2016-01-28T12:41:14+00:00\",\"dateModified\":\"2020-05-01T08:31:13+00:00\",\"description\":\"Tienda de ropa y complementos con las \\u00faltimas tendencias para la mujer. Moda espa\\u00f1ola. Compra online en ropa deportiva y uniformes colegiales.\",\"inLanguage\":\"es\",\"potentialAction\":[{\"@type\":\"ReadAction\",\"target\":[\"https:\/\/www.chopolin.es\/tienda\/quienes-somos\/\"]}]}]}<\/script>\n<!-- \/ Yoast SEO plugin. -->","_links":{"self":[{"href":"https:\/\/www.chopolin.es\/tienda\/wp-json\/wp\/v2\/pages\/133"}],"collection":[{"href":"https:\/\/www.chopolin.es\/tienda\/wp-json\/wp\/v2\/pages"}],"about":[{"href":"https:\/\/www.chopolin.es\/tienda\/wp-json\/wp\/v2\/types\/page"}],"author":[{"embeddable":true,"href":"https:\/\/www.chopolin.es\/tienda\/wp-json\/wp\/v2\/users\/1"}],"replies":[{"embeddable":true,"href":"https:\/\/www.chopolin.es\/tienda\/wp-json\/wp\/v2\/comments?post=133"}],"version-history":[{"count":12,"href":"https:\/\/www.chopolin.es\/tienda\/wp-json\/wp\/v2\/pages\/133\/revisions"}],"predecessor-version":[{"id":1868,"href":"https:\/\/www.chopolin.es\/tienda\/wp-json\/wp\/v2\/pages\/133\/revisions\/1868"}],"wp:featuredmedia":[{"embeddable":true,"href":"https:\/\/www.chopolin.es\/tienda\/wp-json\/wp\/v2\/media\/230"}],"wp:attachment":[{"href":"https:\/\/www.chopolin.es\/tienda\/wp-json\/wp\/v2\/media?parent=133"}],"curies":[{"name":"wp","href":"https:\/\/api.w.org\/{rel}","templated":true}]}}