{"id":1613,"date":"2020-04-27T09:56:28","date_gmt":"2020-04-27T07:56:28","guid":{"rendered":"https:\/\/www.chopolin.es\/tienda\/?page_id=1613"},"modified":"2020-04-27T18:19:04","modified_gmt":"2020-04-27T16:19:04","slug":"politica-de-privacidad","status":"publish","type":"page","link":"https:\/\/www.chopolin.es\/tienda\/politica-de-privacidad\/","title":{"rendered":"Pol\u00edtica de privacidad"},"content":{"rendered":"\n<h1><strong>Pol\u00edtica de Protecci\u00f3n de Datos<\/strong><\/h1>\n\n\n\n<p><strong>RESPONSABLE<\/strong><\/p>\n\n\n\n<p><strong>CHOPOLIN S.L.<\/strong><br>CIF: B53522850<\/p>\n\n\n\n<p><strong>Domicilio<\/strong><br>C\/ PER\u00da, 75 &#8211; BAJOS<br>03803 \u2013 ALCOI (Alicante\/Alacant)<br>email: <a href=\"mailto:chopolin@hotmail.com\">info@chopolin.es<\/a><\/p>\n\n\n\n<p><strong>Nombre del dominio<\/strong><br><a href=\"https:\/\/chopolin.es\">https:\/\/chopolin.es<\/a><\/p>\n\n\n\n<p>La empresa no ha designado aun Delegado de Protecci\u00f3n de Datos al no existir obligatoriedad para ello.<\/p>\n\n\n\n<ul><li><strong>FINALIDAD DEL TRATAMIENTO<\/strong><br>La finalidad de la recogida y tratamiento de los datos personales, a trav\u00e9s de los distintos formularios propiedad de CHOPOLIN S.L., puestos a disposici\u00f3n de los Usuarios, responden, seg\u00fan el caso concreto, para gestionar y atender a solicitudes de informaci\u00f3n, dudas, quejas, felicitaciones o sugerencias a las publicaciones o a cualesquiera servicios o actividades, actos o eventos prestados, ofertados, patrocinados y\/o sponsorizados por CHOPOLIN S.L., as\u00ed como conocer la opini\u00f3n de los usuarios, y adem\u00e1s, gestionar las solicitudes de empleo, mediante la recogida de curr\u00edculums, con el fin de poder contactar con el interesado y llevar a cabo un proceso de selecci\u00f3n.<\/li><li><strong>PLAZO DE CONSERVACI\u00d3N<\/strong><br>Los datos personales proporcionados se conservar\u00e1n durante el plazo correspondiente para cumplir con las obligaciones legales, Mejor mientras no se oponga al tratamiento o revoque el consentimiento.<\/li><li><strong>LEGITIMACI\u00d3N<\/strong><br>CHOPOLIN S.L. est\u00e1 legitimado al tratamiento de datos personales, en base al consentimiento otorgado por el interesado mediante la firma o aceptaci\u00f3n de los pertinentes formularios, para uno o varios fines espec\u00edficos, tal y como recoge el art\u00edculo 6.1. a) del Reglamento General de Protecci\u00f3n de datos personales.<\/li><li><strong>EXACTITUD DE LOS DATOS<\/strong><br>Por otro lado, con el fin de que los datos obrantes en nuestros ficheros, inform\u00e1ticos y\/o en papel, siempre correspondan a la realidad, se tratar\u00e1 de mantener actualizados. De manera que, a estos efectos, el Usuario deber\u00e1 realizar los cambios, directamente, cuando as\u00ed est\u00e9 habilitado o comunic\u00e1ndose, por medio fehaciente, al \u00e1rea o departamento correspondiente de CHOPOLIN S.L.<\/li><li><strong>DESTINATARIOS<\/strong><br>Los datos personales no ser\u00e1n cedidos o comunicados a terceros, salvo en los supuestos necesarios para el desarrollo, control y cumplimiento de las finalidad\/es expresada\/s, en los supuestos previstos seg\u00fan Ley.<\/li><li><strong>DERECHOS DE LOS USUARIOS<\/strong><br>No obstante, el interesado de los datos personales en todo caso podr\u00e1 ejercitar los derechos que le asisten, de acuerdo con el Reglamento General de Protecci\u00f3n de Datos, y que son:<br>* Derecho a solicitar el acceso a los datos personales relativos al interesado,Derecho a solicitar su rectificaci\u00f3n o supresi\u00f3n,<br>* Derecho a solicitar la limitaci\u00f3n de su tratamiento,<br>* Derecho a oponerse al tratamiento,<br>* Derecho a la portabilidad de los datos<\/li><\/ul>\n\n\n\n<p>El interesado podr\u00e1 ejercitar tales derechos mediante solicitud acompa\u00f1ada de una fotocopia de su<br>D.N.I, y en la que especificar\u00e1 cu\u00e1l de \u00e9stos solicita sea satisfecho, remitida a la direcci\u00f3n:<\/p>\n\n\n\n<p><strong>CHOPOLIN S.L.<\/strong><br>C\/ PER\u00da, 75 &#8211; BAJOS<\/p>\n\n\n\n<p>03803 \u2013 ALCOI (Alicante\/Alacant)<br>email: <a href=\"mailto:chopolin@hotmail.com\">info@chopolin.es<\/a><\/p>\n\n\n\n<p>En caso de considerar vulnerado su derecho a la protecci\u00f3n de datos personales, podr\u00e1 interponer una<br>reclamaci\u00f3n ante la Agencia Espa\u00f1ola de Protecci\u00f3n de Datos (www.agpd.es).<\/p>\n\n\n\n<ul><li><strong>MEDIDAS DE SEGURIDAD<\/strong><br>Finalmente se informa que CHOPOLIN S.L., adoptar\u00e1 en su sistema de informaci\u00f3n las medidas<br>t\u00e9cnicas y organizativas adecuadas, dando cumplimiento al principio de responsabilidad proactiva, a<br>fin de garantizar la seguridad y confidencialidad de los datos almacenados, evitando as\u00ed, su alteraci\u00f3n,<br>p\u00e9rdida, tratamiento o acceso no autorizado; teniendo en cuenta el estado de la t\u00e9cnica, los costes de<br>aplicaci\u00f3n, y la naturaleza, el alcance, el contexto y los fines del tratamiento, as\u00ed como riesgos de<br>probabilidad y gravedad variables asociadas a cada uno de los tratamientos.<\/li><\/ul>\n","protected":false},"excerpt":{"rendered":"<p>Pol\u00edtica de Protecci\u00f3n de Datos RESPONSABLE CHOPOLIN S.L.CIF: B53522850 DomicilioC\/ PER\u00da, 75 &#8211; BAJOS03803 \u2013 ALCOI (Alicante\/Alacant)email: info@chopolin.es Nombre del dominiohttps:\/\/chopolin.es La empresa no ha designado aun Delegado de Protecci\u00f3n de Datos al no existir obligatoriedad para ello. FINALIDAD DEL TRATAMIENTOLa finalidad de la recogida y tratamiento de los datos personales, a trav\u00e9s de los [&hellip;]<\/p>\n","protected":false},"author":1,"featured_media":0,"parent":0,"menu_order":0,"comment_status":"closed","ping_status":"closed","template":"","meta":[],"yoast_head":"<!-- This site is optimized with the Yoast SEO plugin v14.9 - https:\/\/yoast.com\/wordpress\/plugins\/seo\/ -->\n<title>Pol\u00edtica de privacidad CHOPOLIN S.L.<\/title>\n<meta name=\"description\" content=\"%%Pol\u00edtica de Protecci\u00f3n de Datos RESPONSABLE CHOPOLIN S.L.CIF: B53522850 DomicilioC\/ PER\u00da, 75 - BAJOS03803 \u2013 ALCOI (Alicante\/Alacant)email: %%\" \/>\n<meta name=\"robots\" content=\"index, follow, max-snippet:-1, max-image-preview:large, max-video-preview:-1\" \/>\n<link rel=\"canonical\" href=\"https:\/\/www.chopolin.es\/tienda\/politica-de-privacidad\/\" \/>\n<meta property=\"og:locale\" content=\"es_ES\" \/>\n<meta property=\"og:type\" content=\"article\" \/>\n<meta property=\"og:title\" content=\"Pol\u00edtica de privacidad CHOPOLIN S.L.\" \/>\n<meta property=\"og:description\" content=\"%%Pol\u00edtica de Protecci\u00f3n de Datos RESPONSABLE CHOPOLIN S.L.CIF: B53522850 DomicilioC\/ PER\u00da, 75 - BAJOS03803 \u2013 ALCOI (Alicante\/Alacant)email: %%\" \/>\n<meta property=\"og:url\" content=\"https:\/\/www.chopolin.es\/tienda\/politica-de-privacidad\/\" \/>\n<meta property=\"article:modified_time\" content=\"2020-04-27T16:19:04+00:00\" \/>\n<meta name=\"twitter:card\" content=\"summary_large_image\" \/>\n<script type=\"application\/ld+json\" class=\"yoast-schema-graph\">{\"@context\":\"https:\/\/schema.org\",\"@graph\":[{\"@type\":\"Organization\",\"@id\":\"https:\/\/www.chopolin.es\/tienda\/#organization\",\"name\":\"CHOPOLIN S.L.\",\"url\":\"https:\/\/www.chopolin.es\/tienda\/\",\"sameAs\":[],\"logo\":{\"@type\":\"ImageObject\",\"@id\":\"https:\/\/www.chopolin.es\/tienda\/#logo\",\"inLanguage\":\"es\",\"url\":\"https:\/\/www.chopolin.es\/tienda\/wp-content\/uploads\/2020\/04\/logo2.jpg\",\"width\":501,\"height\":523,\"caption\":\"CHOPOLIN S.L.\"},\"image\":{\"@id\":\"https:\/\/www.chopolin.es\/tienda\/#logo\"}},{\"@type\":\"WebSite\",\"@id\":\"https:\/\/www.chopolin.es\/tienda\/#website\",\"url\":\"https:\/\/www.chopolin.es\/tienda\/\",\"name\":\"\",\"description\":\"Moda&amp;Lencer&iacute;a. Complementos. Deportivo\/Colegial\",\"publisher\":{\"@id\":\"https:\/\/www.chopolin.es\/tienda\/#organization\"},\"potentialAction\":[{\"@type\":\"SearchAction\",\"target\":\"https:\/\/www.chopolin.es\/tienda\/?s={search_term_string}\",\"query-input\":\"required name=search_term_string\"}],\"inLanguage\":\"es\"},{\"@type\":\"WebPage\",\"@id\":\"https:\/\/www.chopolin.es\/tienda\/politica-de-privacidad\/#webpage\",\"url\":\"https:\/\/www.chopolin.es\/tienda\/politica-de-privacidad\/\",\"name\":\"Pol\\u00edtica de privacidad CHOPOLIN S.L.\",\"isPartOf\":{\"@id\":\"https:\/\/www.chopolin.es\/tienda\/#website\"},\"datePublished\":\"2020-04-27T07:56:28+00:00\",\"dateModified\":\"2020-04-27T16:19:04+00:00\",\"description\":\"%%Pol\\u00edtica de Protecci\\u00f3n de Datos RESPONSABLE CHOPOLIN S.L.CIF: B53522850 DomicilioC\/ PER\\u00da, 75 - BAJOS03803 \\u2013 ALCOI (Alicante\/Alacant)email: %%\",\"inLanguage\":\"es\",\"potentialAction\":[{\"@type\":\"ReadAction\",\"target\":[\"https:\/\/www.chopolin.es\/tienda\/politica-de-privacidad\/\"]}]}]}<\/script>\n<!-- \/ Yoast SEO plugin. -->","_links":{"self":[{"href":"https:\/\/www.chopolin.es\/tienda\/wp-json\/wp\/v2\/pages\/1613"}],"collection":[{"href":"https:\/\/www.chopolin.es\/tienda\/wp-json\/wp\/v2\/pages"}],"about":[{"href":"https:\/\/www.chopolin.es\/tienda\/wp-json\/wp\/v2\/types\/page"}],"author":[{"embeddable":true,"href":"https:\/\/www.chopolin.es\/tienda\/wp-json\/wp\/v2\/users\/1"}],"replies":[{"embeddable":true,"href":"https:\/\/www.chopolin.es\/tienda\/wp-json\/wp\/v2\/comments?post=1613"}],"version-history":[{"count":3,"href":"https:\/\/www.chopolin.es\/tienda\/wp-json\/wp\/v2\/pages\/1613\/revisions"}],"predecessor-version":[{"id":1653,"href":"https:\/\/www.chopolin.es\/tienda\/wp-json\/wp\/v2\/pages\/1613\/revisions\/1653"}],"wp:attachment":[{"href":"https:\/\/www.chopolin.es\/tienda\/wp-json\/wp\/v2\/media?parent=1613"}],"curies":[{"name":"wp","href":"https:\/\/api.w.org\/{rel}","templated":true}]}}